{"id":3,"date":"2020-03-20T16:45:18","date_gmt":"2020-03-20T16:45:18","guid":{"rendered":"http:\/\/coronaupdate.diasporahaus.de\/test?page_id=3"},"modified":"2020-03-21T00:21:23","modified_gmt":"2020-03-20T23:21:23","slug":"datenschutzerklaerung","status":"publish","type":"page","link":"https:\/\/wirinaktion.diasporahaus.de\/wirinaktion\/datenschutzerklaerung\/","title":{"rendered":"Datenschutzerkl\u00e4rung"},"content":{"rendered":"\n<h1 class=\"wp-block-heading\">DATENSCHUTZERKL\u00c4RUNG<\/h1>\n\n\n\n<h2 class=\"wp-block-heading\">Datenschutz<\/h2>\n\n\n\n<p>Die Betreiber dieser Seiten nehmen den Schutz Ihrer pers\u00f6nlichen Daten sehr ernst. Wir behandeln Ihre personenbezogenen Daten vertraulich und entsprechend der gesetzlichen Datenschutzvorschriften sowie<br>dieser Datenschutzerkl\u00e4rung. Die Nutzung unserer Website ist in der Regel ohne Angabe&nbsp; personenbezogener Daten m\u00f6glich. Soweit auf unseren Seiten personenbezogene Daten (beispielsweise Name, Anschrift oder E-Mail-Adressen) erhoben werden, erfolgt dies, soweit m\u00f6glich, stets auf freiwilliger Basis. Diese Daten werden ohne Ihre ausdr\u00fcckliche Zustimmung nicht an Dritte weitergegeben.&nbsp;<strong>Wir weisen darauf hin, dass die Daten\u00fcbertragung im Internet (z.B. bei der Kommunikation per E-Mail) Sicherheitsl\u00fccken aufweisen kann.<\/strong>&nbsp;Ein l\u00fcckenloser Schutz der Daten vor dem Zugriff durch Dritte ist nicht m\u00f6glich.<\/p>\n\n\n\n<h2 class=\"wp-block-heading\">Cookies<\/h2>\n\n\n\n<p>Die Internetseiten verwenden teilweise so genannte Cookies. Cookies richten auf Ihrem Rechner keinenSchaden an und enthalten keine Viren. Cookies dienen dazu, unser Angebot nutzerfreundlicher, effektiverund sicherer zu machen. Cookies sind kleine Textdateien, die auf Ihrem Rechner abgelegt werden unddie Ihr Browser speichert.Die meisten der von uns verwendeten Cookies sind so genannte \u201eSession-Cookies\u201c. Sie werden nachEnde Ihres Besuchs automatisch gel\u00f6scht. Andere Cookies bleiben auf Ihrem Endger\u00e4t gespeichert, bisSie diese l\u00f6schen. Diese Cookies erm\u00f6glichen es uns, Ihren Browser beim n\u00e4chsten Besuchwiederzuerkennen.Sie k\u00f6nnen Ihren Browser so einstellen, dass Sie \u00fcber das Setzen von Cookies informiert werden undCookies nur im Einzelfall erlauben, die Annahme von Cookies f\u00fcr bestimmte F\u00e4lle oder generellausschlie\u00dfen sowie das automatische L\u00f6schen der Cookies beim Schlie\u00dfen des Browser aktivieren. Beider Deaktivierung von Cookies kann die Funktionalit\u00e4t dieser Website eingeschr\u00e4nkt sein.<\/p>\n\n\n\n<h2 class=\"wp-block-heading\">Server-Log-Files<\/h2>\n\n\n\n<p>Es werden Zugriffs-Logfiles und Fehler-Logfiles auf dem Server gespeichert. Diese Logfiles enthalten die IP Adresse des Besuchers, und damit personenbezogene Daten. Es werden dort folgende Daten erfasst:<br><\/p>\n\n\n\n<ul><li>&nbsp;&nbsp;&nbsp; Besuchte Website<\/li><li>&nbsp;&nbsp;&nbsp; Uhrzeit zum Zeitpunkt des Zugriffes<\/li><li>&nbsp;&nbsp;&nbsp; Menge der gesendeten Daten in Byte<\/li><li>&nbsp;&nbsp;&nbsp; Quelle\/Verweis, von welchem Sie auf die Seite gelangten<\/li><li>&nbsp;&nbsp;&nbsp; Verwendeter Browser<\/li><li>&nbsp;&nbsp;&nbsp; Verwendetes Betriebssystem<\/li><li>&nbsp;&nbsp;&nbsp; Verwendete IP Adresse<\/li><\/ul>\n\n\n\n<p>Die IP Adresse wird nach 24 Stunden anonymisiert; dazu wird das letzte Oktett genullt. Die L\u00f6schung erfolgt dann nach sp\u00e4testens nach 7 Tagen.<br>Die Logfiles werden zur Aufrechterhaltung des Serverbetriebs und zur statistischen Auswertung erhoben und gespeichert.<br><\/p>\n\n\n\n<h2 class=\"wp-block-heading\">Widerspruch Werbe-Mails<\/h2>\n\n\n\n<p>Der Nutzung von im Rahmen der Impressumspflicht ver\u00f6ffentlichten Kontaktdaten zur \u00dcbersendung von nicht ausdr\u00fccklich angeforderter Werbung und Informationsmaterialien wird hiermit widersprochen. Die Betreiber der Seiten behalten sich ausdr\u00fccklich rechtliche Schritte im Falle der unverlangten Zusendung von Werbeinformationen, etwa durch Spam-E-Mails, vor.<\/p>\n\n\n\n<p>Quelle:&nbsp;<a href=\"https:\/\/www.e-recht24.de\/\" target=\"_blank\" rel=\"noreferrer noopener\">eRecht24<\/a><\/p>\n\n\n\n<h2 class=\"wp-block-heading\">Datenschutz in der Evangelischen Kirche und der Diakonie Deutschland&nbsp;<\/h2>\n\n\n\n<p>F\u00fcr Fragen der kirchlichen Datenschutzaufsicht k\u00f6nnen Sie sich unmittelbar an den f\u00fcr W\u00fcrttemberg zust\u00e4ndigen Beauftragten f\u00fcr den Datenschutz der EKD, Herrn Jacob, wenden oder direkt an die Au\u00dfenstelle in Ulm; Regionalverantwortlicher f\u00fcr die Datenschutzregion S\u00fcd ist Herr Dr. Axel Gutekunst.<\/p>\n\n\n\n<p><a href=\"https:\/\/datenschutz.ekd.de\/\" target=\"_blank\" rel=\"noreferrer noopener\">Zur Website der EKD &#8211; Datenschutz<\/a><\/p>\n\n\n\n<h3 class=\"wp-block-heading\">ANSPRECHPARTNER<\/h3>\n\n\n\n<p><strong>Patricia Bisinger<\/strong><br>Datenschutzbeauftragte des Diasporahauses Bietenhausen e. V.<br>Beim Diasporahaus 7<br>72418 Rangendingen-Bietenhausen<br>Tel 07478 88-83<br>Mail p.bisinger[at]diasporahaus.de<\/p>\n\n\n\n<p><strong>Dr.&nbsp;Axel Gutenkunst<\/strong><br>Regionalbeauftragter &#8211; Au\u00dfenstelle Ulm<br>Hafenbad 22<br>89073 Ulm<br>Tel. 0731 \/ 140593-0<br>Fax 0731 \/ 140593-20<br>Mail&nbsp;<a href=\"mailto:sued@datenschutz.ekd.de\">sued(at)datenschutz.ekd.de<\/a><\/p>\n\n\n\n<p><strong>Michael Jakob<\/strong><br>Beauftragter f\u00fcr Datenschutz der EKD<br>B\u00f6ttcherstra\u00dfe 7<br>30419 Hannover<br>Tel. 0511 \/ 768128-0<br>Fax 0511 \/ 768128-20<br>Mail&nbsp;<a href=\"mailto:info@datenschutz.ekd.de\">info(at)datenschutz.ekd.de<\/a><\/p>\n","protected":false},"excerpt":{"rendered":"<p>DATENSCHUTZERKL\u00c4RUNG Datenschutz Die Betreiber dieser Seiten nehmen den Schutz Ihrer pers\u00f6nlichen Daten sehr ernst. Wir behandeln Ihre personenbezogenen Daten vertraulich und entsprechend der gesetzlichen Datenschutzvorschriften sowiedieser Datenschutzerkl\u00e4rung. Die Nutzung unserer Website ist in der Regel ohne Angabe&nbsp; personenbezogener Daten m\u00f6glich. Soweit auf unseren Seiten personenbezogene Daten (beispielsweise Name, Anschrift oder E-Mail-Adressen) erhoben werden, erfolgt dies, &hellip; <\/p>\n<p class=\"link-more\"><a href=\"https:\/\/wirinaktion.diasporahaus.de\/wirinaktion\/datenschutzerklaerung\/\" class=\"more-link\"><span class=\"screen-reader-text\">\u201eDatenschutzerkl\u00e4rung\u201c<\/span> weiterlesen<\/a><\/p>\n","protected":false},"author":1,"featured_media":0,"parent":0,"menu_order":0,"comment_status":"closed","ping_status":"open","template":"","meta":{"footnotes":""},"_links":{"self":[{"href":"https:\/\/wirinaktion.diasporahaus.de\/wirinaktion\/wp-json\/wp\/v2\/pages\/3"}],"collection":[{"href":"https:\/\/wirinaktion.diasporahaus.de\/wirinaktion\/wp-json\/wp\/v2\/pages"}],"about":[{"href":"https:\/\/wirinaktion.diasporahaus.de\/wirinaktion\/wp-json\/wp\/v2\/types\/page"}],"author":[{"embeddable":true,"href":"https:\/\/wirinaktion.diasporahaus.de\/wirinaktion\/wp-json\/wp\/v2\/users\/1"}],"replies":[{"embeddable":true,"href":"https:\/\/wirinaktion.diasporahaus.de\/wirinaktion\/wp-json\/wp\/v2\/comments?post=3"}],"version-history":[{"count":2,"href":"https:\/\/wirinaktion.diasporahaus.de\/wirinaktion\/wp-json\/wp\/v2\/pages\/3\/revisions"}],"predecessor-version":[{"id":91,"href":"https:\/\/wirinaktion.diasporahaus.de\/wirinaktion\/wp-json\/wp\/v2\/pages\/3\/revisions\/91"}],"wp:attachment":[{"href":"https:\/\/wirinaktion.diasporahaus.de\/wirinaktion\/wp-json\/wp\/v2\/media?parent=3"}],"curies":[{"name":"wp","href":"https:\/\/api.w.org\/{rel}","templated":true}]}}