{"id":2,"date":"2020-03-20T16:45:18","date_gmt":"2020-03-20T16:45:18","guid":{"rendered":"http:\/\/coronaupdate.diasporahaus.de\/test?page_id=2"},"modified":"2020-03-21T00:19:27","modified_gmt":"2020-03-20T23:19:27","slug":"beispiel-seite","status":"publish","type":"page","link":"https:\/\/wirinaktion.diasporahaus.de\/wirinaktion\/beispiel-seite\/","title":{"rendered":"Impressum"},"content":{"rendered":"\n<p>IMPRESSUM<br> Die Websites www.diasporahaus.de sind Objekte des Diasporahauses Bietenhausen e. V.<\/p>\n\n\n\n<p>Diasporahaus Bietenhausen e. V.<br>\nBeim Diasporahaus 7<br>\n72414 Rangendingen<br>\nTel: 07478 88-0<br>\nFax: 07478 88-19<\/p>\n\n\n\n<p>E-Mail: info(at)diasporahaus.de<\/p>\n\n\n\n<p>Vorstandsvorsitzender: Andr\u00e9 Guzzardo<br>\nVerantwortlich i.S.d.MDSTV f\u00fcr den Inhalt: Andr\u00e9 Guzzardo<\/p>\n\n\n\n<p>Bildnachweis<br>Die Mitarbeiterbilder auf den Seiten &#8222;Unsere Einrichtung&#8220; wurden von &#8222;Foto Vogt Bisingen&#8220; angefertigt.<\/p>\n\n\n\n<p>Haftungsausschlu\u00df<\/p>\n\n\n\n<ol><li>Inhalt des Onlineangebotes <br>\nDas Diasporahaus Bietenhausen e. V. \u00fcbernimmt keinerlei Gew\u00e4hr f\u00fcr die Aktualit\u00e4t, Korrektheit, Vollst\u00e4ndigkeit oder Qualit\u00e4t der bereitgestellten Informationen. Haftungsanspr\u00fcche gegen das Diasporahaus Bietenhausen e. V., welche sich auf Sch\u00e4den materieller oder ideeller Art beziehen, die durch die Nutzung oder Nichtnutzung der dargebotenen Informationen bzw. durch die Nutzung fehlerhafter und unvollst\u00e4ndiger Informationen verursacht wurden sind grunds\u00e4tzlich ausgeschlossen, sofern seitens des Diasporahauses Bietenhausen e. V. kein nachweislich vors\u00e4tzliches oder grob fahrl\u00e4ssiges Verschulden vorliegt. Alle Angebote sind freibleibend und unverbindlich. Das Diasporahaus Bietenhausen e. V. beh\u00e4lt es sich ausdr\u00fccklich vor, Teile der Seiten oder das gesamte Angebot ohne gesonderte Ank\u00fcndigung zu ver\u00e4ndern, zu erg\u00e4nzen, zu l\u00f6schen oder die Ver\u00f6ffentlichung zeitweise oder endg\u00fcltig einzustellen. <\/li><li>Verweise und Links <br>\nDas Diasporahaus Bietenhausen e. V. ist nur f\u00fcr die &#8222;eigenen Inhalte&#8220;, also f\u00fcr diesen Internetauftritt, nach den allgemeinen Gesetzen verantwortlich. <br>\nVon diesen eigenen Inhalten sind Verweise (&#8222;Links&#8220;) zu anderen Webauftritten zu unterscheiden. Durch diese Links halten wir &#8222;fremde Inhalte&#8220; zur Nutzung bereit. Zum Zeitpunkt der Verlinkung haben wir den &#8222;fremden Inhalt&#8220; der verlinkten Seiten daraufhin \u00fcberpr\u00fcft, dass durch ihn keine m\u00f6gliche zivilrechtliche oder strafrechtliche Verantwortlichkeit ausgel\u00f6st wird. Wir k\u00f6nnen jedoch nicht st\u00e4ndig die Links auf unseren Seiten auf Ver\u00e4nderungen, die eine Verantwortlichkeit neu begr\u00fcnden k\u00f6nnten, kontrollieren. <br>\nWenn Sie den Eindruck haben, dass ein Link in unserem Webauftritt zu fremden Internetseiten mit rechtswidrigem oder strafrechtlichem Inhalt f\u00fchrt, geben Sie uns bitte Bescheid, damit wir diesen Link pr\u00fcfen und gegebenenfalls entfernen k\u00f6nnen. <\/li><li>Urheber- und Kennzeichenrecht <br>\nDas Diasporahaus Bietenhausen e. V. ist bestrebt, in allen Publikationen die Urheberrechte der verwendeten Grafiken, Tondokumente, Videosequenzen und Texte zu beachten, von ihr selbst erstellte Grafiken, Tondokumente, Videosequenzen und Texte zu nutzen oder auf lizenzfreie Grafiken, Tondokumente, Videosequenzen und Texte zur\u00fcckzugreifen. Alle innerhalb des Internetangebotes genannten und ggf. durch Dritte gesch\u00fctzten Marken- und Warenzeichen unterliegen uneingeschr\u00e4nkt den Bestimmungen des jeweils g\u00fcltigen Kennzeichenrechts und den Besitzrechten der jeweiligen eingetragenen Eigent\u00fcmer. Allein aufgrund der blo\u00dfen Nennung ist nicht der Schluss zu ziehen, dass Markenzeichen nicht durch Rechte Dritter gesch\u00fctzt sind! Das Copyright f\u00fcr ver\u00f6ffentlichte, vom Diasporahaus Bietenhausen e. V.selbst erstellte Objekte bleibt allein bei den Autoren der Seiten. Eine Vervielf\u00e4ltigung oder Verwendung solcher Grafiken, Tondokumente, Videosequenzen und Texte in anderen elektronischen oder gedruckten Publikationen ist ohne ausdr\u00fcckliche Zustimmung des Diasporahauses Bietenhausen e. V. nicht gestattet. <\/li><li>Rechtswirksamkeit dieses Haftungsausschlusses <br>\nDieser Haftungsausschluss ist als Teil des Internetangebotes zu betrachten, von dem aus auf diese Seite verwiesen wurde. Sofern Teile oder einzelne Formulierungen dieses Textes der geltenden Rechtslage nicht, nicht mehr oder nicht vollst\u00e4ndig entsprechen sollten, bleiben die \u00fcbrigen Teile des Dokumentes in ihrem Inhalt und ihrer G\u00fcltigkeit davon unber\u00fchrt. <\/li><\/ol>\n","protected":false},"excerpt":{"rendered":"<p>IMPRESSUM Die Websites www.diasporahaus.de sind Objekte des Diasporahauses Bietenhausen e. V. Diasporahaus Bietenhausen e. V. Beim Diasporahaus 7 72414 Rangendingen Tel: 07478 88-0 Fax: 07478 88-19 E-Mail: info(at)diasporahaus.de Vorstandsvorsitzender: Andr\u00e9 Guzzardo Verantwortlich i.S.d.MDSTV f\u00fcr den Inhalt: Andr\u00e9 Guzzardo BildnachweisDie Mitarbeiterbilder auf den Seiten &#8222;Unsere Einrichtung&#8220; wurden von &#8222;Foto Vogt Bisingen&#8220; angefertigt. Haftungsausschlu\u00df Inhalt des Onlineangebotes &hellip; <\/p>\n<p class=\"link-more\"><a href=\"https:\/\/wirinaktion.diasporahaus.de\/wirinaktion\/beispiel-seite\/\" class=\"more-link\"><span class=\"screen-reader-text\">\u201eImpressum\u201c<\/span> weiterlesen<\/a><\/p>\n","protected":false},"author":1,"featured_media":0,"parent":0,"menu_order":0,"comment_status":"closed","ping_status":"open","template":"","meta":{"footnotes":""},"_links":{"self":[{"href":"https:\/\/wirinaktion.diasporahaus.de\/wirinaktion\/wp-json\/wp\/v2\/pages\/2"}],"collection":[{"href":"https:\/\/wirinaktion.diasporahaus.de\/wirinaktion\/wp-json\/wp\/v2\/pages"}],"about":[{"href":"https:\/\/wirinaktion.diasporahaus.de\/wirinaktion\/wp-json\/wp\/v2\/types\/page"}],"author":[{"embeddable":true,"href":"https:\/\/wirinaktion.diasporahaus.de\/wirinaktion\/wp-json\/wp\/v2\/users\/1"}],"replies":[{"embeddable":true,"href":"https:\/\/wirinaktion.diasporahaus.de\/wirinaktion\/wp-json\/wp\/v2\/comments?post=2"}],"version-history":[{"count":2,"href":"https:\/\/wirinaktion.diasporahaus.de\/wirinaktion\/wp-json\/wp\/v2\/pages\/2\/revisions"}],"predecessor-version":[{"id":90,"href":"https:\/\/wirinaktion.diasporahaus.de\/wirinaktion\/wp-json\/wp\/v2\/pages\/2\/revisions\/90"}],"wp:attachment":[{"href":"https:\/\/wirinaktion.diasporahaus.de\/wirinaktion\/wp-json\/wp\/v2\/media?parent=2"}],"curies":[{"name":"wp","href":"https:\/\/api.w.org\/{rel}","templated":true}]}}